{"id":2,"date":"2025-09-18T11:44:51","date_gmt":"2025-09-18T11:44:51","guid":{"rendered":"http:\/\/eternalbuild.fr\/?page_id=2"},"modified":"2025-09-30T05:59:09","modified_gmt":"2025-09-30T05:59:09","slug":"sample-page","status":"publish","type":"page","link":"https:\/\/eternalbuild.fr\/?page_id=2","title":{"rendered":"\ud83d\udc4b Bienvenue sur mon blog !"},"content":{"rendered":"\n<p><br>Je m\u2019appelle <strong>Louis Potterie<\/strong>, Consultant Blockchain et Product Owner. Passionn\u00e9 par l\u2019innovation, j\u2019ai construit mon parcours \u00e0 la crois\u00e9e de la <strong>tech<\/strong>, de la <strong>finance<\/strong> et du <strong>produit<\/strong>.<\/p>\n\n\n\n<p>J\u2019ai eu l\u2019opportunit\u00e9 de travailler sur des projets vari\u00e9s :<\/p>\n\n\n\n<ul class=\"wp-block-list\">\n<li><strong>Blockchain &amp; Tokenisation<\/strong> : mise en place de plateformes et de solutions d\u2019investissement tokenis\u00e9es.<\/li>\n\n\n\n<li><strong>Monnaie \u00e9lectronique &amp; cryptoactifs<\/strong> : conception d\u2019outils pour rapprocher finance traditionnelle et Web3.<\/li>\n\n\n\n<li><strong>Data &amp; IT<\/strong> : accompagnement d\u2019\u00e9quipes data dans des grands groupes bancaires pour transformer la donn\u00e9e en valeur.<\/li>\n<\/ul>\n\n\n\n<p>Ce blog est l\u2019espace o\u00f9 je partage mes r\u00e9flexions, mes d\u00e9couvertes et mes retours d\u2019exp\u00e9rience autour de trois grands th\u00e8mes : <strong>Blockchain<\/strong>, <strong>Data<\/strong> et <strong>Produit<\/strong>.<br><\/p>\n\n\n\n<div class=\"wp-block-buttons is-style-button-zoom-on-hover is-content-justification-center is-layout-flex wp-container-core-buttons-is-layout-86e1f5e2 wp-block-buttons-is-layout-flex\">\n<div class=\"wp-block-button is-style-button-hover-primary-color\"><a class=\"wp-block-button__link has-text-align-center wp-element-button\" href=\"https:\/\/www.linkedin.com\/in\/louis-potterie\/\"><strong>Mon Linkedin<\/strong><\/a><\/div>\n<\/div>\n\n\n\n<p><\/p>\n","protected":false},"excerpt":{"rendered":"<p>Je m\u2019appelle Louis Potterie, Consultant Blockchain et Product Owner. Passionn\u00e9 par l\u2019innovation, j\u2019ai construit mon parcours \u00e0 la crois\u00e9e de la tech, de la finance et du produit. J\u2019ai eu l\u2019opportunit\u00e9 de travailler sur des projets vari\u00e9s : Ce blog est l\u2019espace o\u00f9 je partage mes r\u00e9flexions, mes d\u00e9couvertes et mes retours d\u2019exp\u00e9rience autour de&#8230;<\/p>\n","protected":false},"author":1,"featured_media":0,"parent":0,"menu_order":0,"comment_status":"closed","ping_status":"open","template":"","meta":{"footnotes":""},"class_list":["post-2","page","type-page","status-publish","hentry"],"_links":{"self":[{"href":"https:\/\/eternalbuild.fr\/index.php?rest_route=\/wp\/v2\/pages\/2","targetHints":{"allow":["GET"]}}],"collection":[{"href":"https:\/\/eternalbuild.fr\/index.php?rest_route=\/wp\/v2\/pages"}],"about":[{"href":"https:\/\/eternalbuild.fr\/index.php?rest_route=\/wp\/v2\/types\/page"}],"author":[{"embeddable":true,"href":"https:\/\/eternalbuild.fr\/index.php?rest_route=\/wp\/v2\/users\/1"}],"replies":[{"embeddable":true,"href":"https:\/\/eternalbuild.fr\/index.php?rest_route=%2Fwp%2Fv2%2Fcomments&post=2"}],"version-history":[{"count":5,"href":"https:\/\/eternalbuild.fr\/index.php?rest_route=\/wp\/v2\/pages\/2\/revisions"}],"predecessor-version":[{"id":34,"href":"https:\/\/eternalbuild.fr\/index.php?rest_route=\/wp\/v2\/pages\/2\/revisions\/34"}],"wp:attachment":[{"href":"https:\/\/eternalbuild.fr\/index.php?rest_route=%2Fwp%2Fv2%2Fmedia&parent=2"}],"curies":[{"name":"wp","href":"https:\/\/api.w.org\/{rel}","templated":true}]}}